{"id":34,"date":"2026-01-20T11:45:39","date_gmt":"2026-01-20T11:45:39","guid":{"rendered":"https:\/\/canverdalibiza.com\/contacto\/"},"modified":"2026-02-26T16:46:23","modified_gmt":"2026-02-26T16:46:23","slug":"contacto","status":"publish","type":"page","link":"https:\/\/canverdalibiza.com\/en\/contacto\/","title":{"rendered":"Contact"},"content":{"rendered":"<div class=\"wp-block-group alignfull hostinger-ai-fade-up has-global-padding is-layout-constrained wp-container-core-group-is-layout-19c400f2 wp-block-group-is-layout-constrained\" data-aos=\"fade-up\" style=\"margin-top:0;margin-bottom:0\">\n<div class=\"wp-block-group alignwide hostinger-ai-fade-up is-layout-grid wp-container-core-group-is-layout-3721f5f0 wp-block-group-is-layout-grid\" data-aos=\"fade-up\">\n<div class=\"wp-block-columns are-vertically-aligned-center is-layout-flex wp-container-core-columns-is-layout-28f84493 wp-block-columns-is-layout-flex\">\n<div class=\"wp-block-column is-vertically-aligned-center is-layout-flow wp-block-column-is-layout-flow\" style=\"flex-basis:100%\">\n<div class=\"wp-block-group hostinger-ai-fade-up has-global-padding is-layout-constrained wp-block-group-is-layout-constrained\" data-aos=\"fade-up\">\n<h1 class=\"wp-block-heading hostinger-ai-title has-dark-color has-text-color has-link-color has-x-large-font-size wp-elements-a26d28a86c2eeb178f52c11a964ba0cc\" style=\"margin-bottom:var(--wp--preset--spacing--50)\">Contact<\/h1>\n\n\n\n<p class=\"has-dark-color has-text-color has-link-color wp-elements-4cf9d275c0a9d85f324b24bd0ed20724\" style=\"margin-top:var(--wp--preset--spacing--30);margin-bottom:var(--wp--preset--spacing--30)\"><a href=\"https:\/\/canverdalibiza.com\/en\/reserva\/\" data-type=\"page\" data-id=\"28\">canverdalibiza@gmail.com<\/a><\/p>\n\n\n\n<p class=\"has-dark-color has-text-color has-link-color wp-elements-b6ad44a73a71d3c17bc3f7aab5c7c2b1\" style=\"margin-top:0;margin-bottom:var(--wp--preset--spacing--30)\"><a href=\"tel:34649687494\">(34) 649 68 74 94<\/a><\/p>\n\n\n\n<ul class=\"wp-block-social-links is-horizontal is-content-justification-left is-layout-flex wp-container-core-social-links-is-layout-af5f4889 wp-block-social-links-is-layout-flex\" style=\"margin-top:0;margin-right:0;margin-bottom:0;margin-left:0\"><li class=\"wp-social-link wp-social-link-instagram  wp-block-social-link\"><a href=\"https:\/\/www.instagram.com\/can_verdal_ibiza\/\" class=\"wp-block-social-link-anchor\"><svg width=\"24\" height=\"24\" viewbox=\"0 0 24 24\" version=\"1.1\" xmlns=\"http:\/\/www.w3.org\/2000\/svg\" aria-hidden=\"true\" focusable=\"false\"><path d=\"M12,4.622c2.403,0,2.688,0.009,3.637,0.052c0.877,0.04,1.354,0.187,1.671,0.31c0.42,0.163,0.72,0.358,1.035,0.673 c0.315,0.315,0.51,0.615,0.673,1.035c0.123,0.317,0.27,0.794,0.31,1.671c0.043,0.949,0.052,1.234,0.052,3.637 s-0.009,2.688-0.052,3.637c-0.04,0.877-0.187,1.354-0.31,1.671c-0.163,0.42-0.358,0.72-0.673,1.035 c-0.315,0.315-0.615,0.51-1.035,0.673c-0.317,0.123-0.794,0.27-1.671,0.31c-0.949,0.043-1.233,0.052-3.637,0.052 s-2.688-0.009-3.637-0.052c-0.877-0.04-1.354-0.187-1.671-0.31c-0.42-0.163-0.72-0.358-1.035-0.673 c-0.315-0.315-0.51-0.615-0.673-1.035c-0.123-0.317-0.27-0.794-0.31-1.671C4.631,14.688,4.622,14.403,4.622,12 s0.009-2.688,0.052-3.637c0.04-0.877,0.187-1.354,0.31-1.671c0.163-0.42,0.358-0.72,0.673-1.035 c0.315-0.315,0.615-0.51,1.035-0.673c0.317-0.123,0.794-0.27,1.671-0.31C9.312,4.631,9.597,4.622,12,4.622 M12,3 C9.556,3,9.249,3.01,8.289,3.054C7.331,3.098,6.677,3.25,6.105,3.472C5.513,3.702,5.011,4.01,4.511,4.511 c-0.5,0.5-0.808,1.002-1.038,1.594C3.25,6.677,3.098,7.331,3.054,8.289C3.01,9.249,3,9.556,3,12c0,2.444,0.01,2.751,0.054,3.711 c0.044,0.958,0.196,1.612,0.418,2.185c0.23,0.592,0.538,1.094,1.038,1.594c0.5,0.5,1.002,0.808,1.594,1.038 c0.572,0.222,1.227,0.375,2.185,0.418C9.249,20.99,9.556,21,12,21s2.751-0.01,3.711-0.054c0.958-0.044,1.612-0.196,2.185-0.418 c0.592-0.23,1.094-0.538,1.594-1.038c0.5-0.5,0.808-1.002,1.038-1.594c0.222-0.572,0.375-1.227,0.418-2.185 C20.99,14.751,21,14.444,21,12s-0.01-2.751-0.054-3.711c-0.044-0.958-0.196-1.612-0.418-2.185c-0.23-0.592-0.538-1.094-1.038-1.594 c-0.5-0.5-1.002-0.808-1.594-1.038c-0.572-0.222-1.227-0.375-2.185-0.418C14.751,3.01,14.444,3,12,3L12,3z M12,7.378 c-2.552,0-4.622,2.069-4.622,4.622S9.448,16.622,12,16.622s4.622-2.069,4.622-4.622S14.552,7.378,12,7.378z M12,15 c-1.657,0-3-1.343-3-3s1.343-3,3-3s3,1.343,3,3S13.657,15,12,15z M16.804,6.116c-0.596,0-1.08,0.484-1.08,1.08 s0.484,1.08,1.08,1.08c0.596,0,1.08-0.484,1.08-1.08S17.401,6.116,16.804,6.116z\"><\/path><\/svg><span class=\"wp-block-social-link-label screen-reader-text\">https:\/\/www.instagram.com\/can_verdal_ibiza\/<\/span><\/a><\/li><\/ul>\n<\/div>\n<\/div>\n<\/div>\n\n\n\n<div class=\"wp-block-hostinger-ai-theme-contact-form-block\">\n    <section class=\"hts-section hts-page hts-contact-form\">\n        <div class=\"hts-details\">\n            <div class=\"hts-contact-details hts-contacts\">\n                                    <h2 class=\"contact-form-title\">Contact us here<\/h2>\n                \n                \n                <form id=\"contact-form-6a060cb56d474\" action=\"\">\n                    <input type=\"hidden\" id=\"contactform_nonce\" name=\"contactform_nonce\" value=\"ceb41db9ff\" \/><input type=\"hidden\" name=\"_wp_http_referer\" value=\"\/en\/wp-json\/wp\/v2\/pages\/34\" \/>\n                    <label for=\"contact-form-6a060cb56d474-name\">Name<\/label>\n                    <input type=\"text\"\n                            id=\"contact-form-6a060cb56d474-name\"\n                            class=\"contact-name\"\n                            name=\"name\"\n                            placeholder=\"What&#039;s your name?\"\n                            required>\n\n                    <label for=\"contact-form-6a060cb56d474-email\">Email<\/label>\n                    <input type=\"email\"\n                            id=\"contact-form-6a060cb56d474-email\"\n                            class=\"contact-email\"\n                            name=\"email\"\n                            placeholder=\"What&#039;s your email?\"\n                            required>\n\n                    <label for=\"contact-form-6a060cb56d474-message\">\n                    Message                    <\/label>\n                    <textarea id=\"contact-form-6a060cb56d474-message\"\n                                class=\"contact-message\"\n                                name=\"message\"\n                                placeholder=\"Write your message...\"\n                                required><\/textarea>\n\n                    <div class=\"validate-message\"><\/div>\n\n                    <div class=\"hts-privacy-agree\">\n                        <label class=\"hts-form-control\">\n                            <input type=\"checkbox\"\n                                    id=\"contact-form-6a060cb56d474-privacy-policy-checkbox\"\n                                    class=\"privacy-policy-checkbox\"\n                                    name=\"privacy_policy\"\n                                    required>\n                            <span>\n                            I consent to use of provided personal data for the purpose of responding to the request as described in <a href=\"https:\/\/canverdalibiza.com\/en\/privacy-policy\/\" target=\"_blank\">Privacy Policy<\/a> which I have read. I may withdraw my consent at any time.                            <\/span>\n                        <\/label>\n                    <\/div>\n\n                    <input type=\"submit\"\n                            class=\"btn primary has-color-2-color has-color-1-background-color has-text-color has-background has-link-color has-border-color has-color-1-border-color wp-element-button\"\n                            value=\"Send Message\"\/>\n                <input type=\"hidden\" name=\"trp-form-language\" value=\"en\"\/><\/form>\n            <\/div>\n        <\/div>\n    <\/section>\n<\/div><\/div>\n<\/div>\n\n\n\n<div class=\"wp-block-group alignwide hostinger-ai-our-location-2 hostinger-ai-fade-up has-global-padding is-layout-constrained wp-block-group-is-layout-constrained\" data-aos=\"fade-up\" style=\"padding-top:0;padding-bottom:0\">\n<div class=\"wp-block-group alignwide hostinger-ai-fade-up has-global-padding is-content-justification-left is-layout-constrained wp-container-core-group-is-layout-12dd3699 wp-block-group-is-layout-constrained\" data-aos=\"fade-up\">\n<div class=\"wp-block-columns alignwide is-layout-flex wp-container-core-columns-is-layout-28f84493 wp-block-columns-is-layout-flex\">\n<div class=\"wp-block-column our-location-column is-layout-flow wp-block-column-is-layout-flow\" style=\"flex-basis:33.33%\">\n<h2 class=\"wp-block-heading has-text-align-left hostinger-ai-title has-dark-color has-text-color has-link-color has-x-large-font-size wp-elements-c4f931eb9afbb0fa2014dc23fc771be7\" style=\"margin-top:0;margin-right:0;margin-bottom:var(--wp--preset--spacing--40);margin-left:0\">Location<\/h2>\n\n\n\n<p class=\"has-text-align-left hostinger-ai-description has-medium-font-size\" style=\"margin-top:0;margin-bottom:var(--wp--preset--spacing--40)\">In the heart of Ibiza<\/p>\n\n\n\n<p class=\"hostinger-ai-title hostinger-index-1 hostinger-ai-font-bold has-dark-color has-text-color has-link-color has-medium-font-size wp-elements-0eaed51cbf577a4540180fc4d46571b2\">How to get here<\/p>\n\n\n\n<p class=\"has-medium-font-size\" style=\"margin-top:var(--wp--preset--spacing--20);margin-bottom:var(--wp--preset--spacing--40)\">Can Verdal, n\u00ba60, Venda des Port           07815, Sant Miquel de Balan\u00e7at, Ibiza, Illes Balears<\/p>\n\n\n\n<p class=\"hostinger-ai-title hostinger-index-2 hostinger-ai-font-bold has-dark-color has-text-color has-link-color has-medium-font-size wp-elements-271bb532f30a98c87b4ee0bbf3379863\"><\/p>\n<\/div>\n\n\n\n<div class=\"wp-block-column is-layout-flow wp-block-column-is-layout-flow\" style=\"flex-basis:66.66%\">\n<div class=\"wp-block-group alignfull hostinger-ai-fade-up is-layout-flow wp-block-group-is-layout-flow\" data-aos=\"fade-up\">\n<iframe src=\"https:\/\/www.google.com\/maps\/embed?pb=!1m14!1m8!1m3!1d58389.51867220841!2d1.4166520352439507!3d39.051649180076815!3m2!1i1024!2i768!4f13.1!3m3!1m2!1s0x12993fc03771c833%3A0x3a2f851c4983f6!2sCan%20Verdal!5e0!3m2!1ses!2ses!4v1769109227783!5m2!1ses!2ses\" width=\"800\" height=\"600\" style=\"border:0;\" allowfullscreen=\"\" loading=\"lazy\" referrerpolicy=\"no-referrer-when-downgrade\"><\/iframe>\n<\/div>\n<\/div>\n<\/div>\n<\/div>\n<\/div>\n\n\n\n<div class=\"wp-block-group alignfull hostinger-ai-solid-block hostinger-ai-fade-up has-color-1-background-color has-background has-global-padding is-layout-constrained wp-block-group-is-layout-constrained\" data-aos=\"fade-up\" style=\"padding-top:var(--wp--preset--spacing--60);padding-bottom:var(--wp--preset--spacing--60)\">\n<div class=\"wp-block-group alignwide hostinger-ai-fade-up is-vertical is-content-justification-center is-nowrap is-layout-flex wp-container-core-group-is-layout-4cc6ee0a wp-block-group-is-layout-flex\" data-aos=\"fade-up\" style=\"min-height:0px;padding-top:0;padding-bottom:0\">\n<div class=\"wp-block-group hostinger-ai-fade-up wp-container-content-69bc4bdf has-global-padding is-content-justification-center is-layout-constrained wp-container-core-group-is-layout-78267832 wp-block-group-is-layout-constrained\" data-aos=\"fade-up\">\n<h2 class=\"wp-block-heading has-text-align-center hostinger-ai-title has-dark-color has-text-color has-link-color has-x-large-font-size wp-elements-080d094afe31a03600ff6b364e18a097\" style=\"margin-top:0;margin-right:0;margin-bottom:0;margin-left:0\">Contact us<\/h2>\n\n\n\n<p class=\"has-text-align-center hostinger-ai-description has-dark-color has-text-color has-link-color has-medium-font-size wp-elements-924c733c5c7779caa7befcc8552dbfba\" style=\"margin-top:var(--wp--preset--spacing--20);margin-bottom:var(--wp--preset--spacing--50)\">Ready to book your stay at Can Verdal Ibiza? We're here to help.<\/p>\n\n\n\n<div class=\"wp-block-buttons is-content-justification-center is-layout-flex wp-container-core-buttons-is-layout-a89b3969 wp-block-buttons-is-layout-flex\">\n<div class=\"wp-block-button hostinger-ai-cta-button\"><a class=\"wp-block-button__link has-dark-color has-contrast-background-color has-text-color has-background has-link-color has-border-color has-medium-font-size has-custom-font-size wp-element-button\" href=\"https:\/\/canverdalibiza.com\/en\/reserva\/\" style=\"border-color:#0d141a;border-width:1px;border-radius:50px;padding-top:var(--wp--preset--spacing--30);padding-right:var(--wp--preset--spacing--70);padding-bottom:var(--wp--preset--spacing--30);padding-left:var(--wp--preset--spacing--70);box-shadow:none\">Reservation<\/a><\/div>\n<\/div>\n<\/div>\n<\/div>\n<\/div>","protected":false},"excerpt":{"rendered":"<p>Contacto canverdalibiza@gmail.com (34) 649 68 74 94 Ubicaci\u00f3n En el coraz\u00f3n de Ibiza C\u00f3mo llegar Can Verdal, n\u00ba60, Venda des Port 07815, Sant Miquel de Balan\u00e7at, Ibiza, Illes Balears Cont\u00e1ctanos \u00bfListo para reservar tu estancia en Can Verdal Ibiza? Estamos aqu\u00ed para ayudarte.<\/p>","protected":false},"author":1,"featured_media":0,"parent":0,"menu_order":0,"comment_status":"closed","ping_status":"closed","template":"","meta":{"footnotes":""},"class_list":["post-34","page","type-page","status-publish","hentry"],"_hostinger_reach_plugin_has_subscription_block":false,"_hostinger_reach_plugin_is_elementor":false,"_links":{"self":[{"href":"https:\/\/canverdalibiza.com\/en\/wp-json\/wp\/v2\/pages\/34","targetHints":{"allow":["GET"]}}],"collection":[{"href":"https:\/\/canverdalibiza.com\/en\/wp-json\/wp\/v2\/pages"}],"about":[{"href":"https:\/\/canverdalibiza.com\/en\/wp-json\/wp\/v2\/types\/page"}],"author":[{"embeddable":true,"href":"https:\/\/canverdalibiza.com\/en\/wp-json\/wp\/v2\/users\/1"}],"replies":[{"embeddable":true,"href":"https:\/\/canverdalibiza.com\/en\/wp-json\/wp\/v2\/comments?post=34"}],"version-history":[{"count":11,"href":"https:\/\/canverdalibiza.com\/en\/wp-json\/wp\/v2\/pages\/34\/revisions"}],"predecessor-version":[{"id":571,"href":"https:\/\/canverdalibiza.com\/en\/wp-json\/wp\/v2\/pages\/34\/revisions\/571"}],"wp:attachment":[{"href":"https:\/\/canverdalibiza.com\/en\/wp-json\/wp\/v2\/media?parent=34"}],"curies":[{"name":"wp","href":"https:\/\/api.w.org\/{rel}","templated":true}]}}